{"id":624,"date":"2013-11-01T08:43:24","date_gmt":"2013-11-01T08:43:24","guid":{"rendered":"http:\/\/combibococktails.de\/wp\/?page_id=624"},"modified":"2019-03-17T21:24:57","modified_gmt":"2019-03-17T21:24:57","slug":"neuigkeiten-termine","status":"publish","type":"page","link":"https:\/\/www.combibococktails.de\/?page_id=624","title":{"rendered":"Neuigkeiten &#038; Termine"},"content":{"rendered":"<p><iframe loading=\"lazy\" src=\"https:\/\/combibococktails.de\/termine\/Termine_Combibo.pdf\" width=\"100%\" height=\"700\" frameborder=\"0\" scrolling=\"no\"><\/iframe><\/p>\n<p>Sollte Ihr Browser die PDF-Datei nicht anzeigen, k\u00f6nnen Sie sie hier herunterladen: <a href=\"https:\/\/combibococktails.de\/termine\/Termine_Combibo.pdf\" target=\"_blank\" rel=\"noopener\">Download<\/a>&nbsp;<\/p>\n<p>&nbsp;<\/p>\n<p>&nbsp;<\/p>\n<h2><span style=\"text-decoration: underline;\">Fun &#8211; Workshop<\/span><\/h2>\n<div class=\"column_one_third\"><h4>Die Mischung macht`s.<\/h4>\n<p>\u00dcberraschen Sie Ihre G\u00e4ste demn\u00e4chst doch mal mit einem perfekt zubereiteten Cocktail-Klassiker: In unseren unterhaltsamen Workshops zeigen Ihnen die Cocktail-Profis von Combibo, wie\u2019s geht! Dazu gibt es ein informatives Tasting-Quiz sowie spannende Geschichten zu den jeweiligen Cocktail-Spezialit\u00e4ten \u2013 welche davon stimmen, m\u00fcssen Sie allerdings selber erraten \u2026<\/p>\n<p><b><mark>3<span style=\"color: #000000;\">9.- \u20ac je Teilnehmer\/in<\/span> <\/mark><br \/>\n<mark> <\/mark><br \/>\n<\/b><br \/>\n(inklusive MwSt.)<\/p>\n<p>Mindestalter: 18 Jahre<\/p>\n\n<\/div><div class=\"column_one_third\">\n<h4>&#8222;Schola Mixtura&#8220;:<\/h4>\n<ul class=\"darkGrayDot\">\n<li>Dauer ca 1,5 Std<\/li>\n<li>2 Cocktails und Tasting Quiz<\/li>\n<li>ab 6 Teilnehmer<\/li>\n<li>Einzel- oder Gruppenanmeldung<\/li>\n<li>verschiedene Locations in Kassel zur Auswahl<\/li>\n<\/ul>\n<h3 style=\"text-align: center;\"><a href=\"\/?page_id=1096\">Jetzt buchen<\/a><\/h3>\n\n<\/div><\/p>\n<div class=\"column_one_third last\">\n<h5>Eine sch\u00f6ne Geschenkidee f\u00fcr jeden Anlass:<\/h5>\n<p><a href=\"\/?page_id=1096\"><img decoding=\"async\" loading=\"lazy\" class=\"alignleft\" src=\"\/wp-content\/uploads\/2013\/07\/gutschein12.png\" width=\"287\" height=\"131\" \/><\/a><\/p>\n\n<\/div><div style=\"clear:both;\"><\/div>\n","protected":false},"excerpt":{"rendered":"<p>Sollte Ihr Browser die PDF-Datei nicht anzeigen, k\u00f6nnen Sie sie hier herunterladen: Download&nbsp; &nbsp; &nbsp; Fun &#8211; Workshop<\/p>\n","protected":false},"author":1,"featured_media":0,"parent":0,"menu_order":0,"comment_status":"open","ping_status":"open","template":"page-full-width.php","meta":{"footnotes":""},"aioseo_notices":[],"_links":{"self":[{"href":"https:\/\/www.combibococktails.de\/index.php?rest_route=\/wp\/v2\/pages\/624"}],"collection":[{"href":"https:\/\/www.combibococktails.de\/index.php?rest_route=\/wp\/v2\/pages"}],"about":[{"href":"https:\/\/www.combibococktails.de\/index.php?rest_route=\/wp\/v2\/types\/page"}],"author":[{"embeddable":true,"href":"https:\/\/www.combibococktails.de\/index.php?rest_route=\/wp\/v2\/users\/1"}],"replies":[{"embeddable":true,"href":"https:\/\/www.combibococktails.de\/index.php?rest_route=%2Fwp%2Fv2%2Fcomments&post=624"}],"version-history":[{"count":173,"href":"https:\/\/www.combibococktails.de\/index.php?rest_route=\/wp\/v2\/pages\/624\/revisions"}],"predecessor-version":[{"id":1436,"href":"https:\/\/www.combibococktails.de\/index.php?rest_route=\/wp\/v2\/pages\/624\/revisions\/1436"}],"wp:attachment":[{"href":"https:\/\/www.combibococktails.de\/index.php?rest_route=%2Fwp%2Fv2%2Fmedia&parent=624"}],"curies":[{"name":"wp","href":"https:\/\/api.w.org\/{rel}","templated":true}]}}